{"id":3,"date":"2019-09-15T15:59:16","date_gmt":"2019-09-15T18:59:16","guid":{"rendered":"http:\/\/jmartnegocios.com\/conhecer\/?page_id=3"},"modified":"2021-05-16T16:15:13","modified_gmt":"2021-05-16T19:15:13","slug":"politica-de-privacidade","status":"publish","type":"page","link":"https:\/\/jmartnegocios.com\/conhecer\/politica-de-privacidade\/","title":{"rendered":"Politicas de Privacidade"},"content":{"rendered":"\n<h2 class=\"wp-block-heading\">Pol\u00edtica de Privacidade do Jmart Neg\u00f3cios<\/h2>\n\n\n\n<h3 class=\"wp-block-heading\">Leia com aten\u00e7\u00e3o at\u00e9 o final desse documento.<\/h3>\n\n\n\n<p>Esta pol\u00edtica descreve as formas como coletamos, armazenamos, usamos e protegemos suas informa\u00e7\u00f5es pessoais. Voc\u00ea aceita essa pol\u00edtica e concorda com tal coleta, armazenamento e uso quando se inscrever ou usar nossos produtos, servi\u00e7os ou qualquer outro recurso, tecnologia ou funcionalidade que n\u00f3s oferecemos ao acessar nosso site ou por qualquer outro meio (coletivamente \u201cos Servi\u00e7os do Jmart Neg\u00f3cios\u201d). Podemos alterar a esta pol\u00edtica a qualquer momento, divulgando uma vers\u00e3o revisada em nosso site. A vers\u00e3o revisada entrar\u00e1 em vigor assim que disponibilizada no site. Al\u00e9m disso, se a vers\u00e3o revisada incluir uma altera\u00e7\u00e3o substancial, avisaremos voc\u00ea com 30 dias de anteced\u00eancia, divulgando o aviso sobre a altera\u00e7\u00e3o na p\u00e1gina \u201cAtualiza\u00e7\u00f5es da pol\u00edtica\u201d do nosso site. Depois desse aviso de 30 dias, ser\u00e1 considerado que voc\u00ea concorda com todas as emendas feitas a essa pol\u00edtica.<\/p>\n\n\n\n<h3 class=\"wp-block-heading\">Importante: Pol\u00edtica de Descadastramento (\u201cOpt-out\u201d)<\/h3>\n\n\n\n<p>O usu\u00e1rio dos nossos servi\u00e7os pode a qualquer momento deixar de receber comunica\u00e7\u00f5es do nosso site. Para tanto basta enviar um email para&nbsp;suporte@jmartnegocios.com indicando o seu desejo de n\u00e3o mais receber comunica\u00e7\u00f5es, ou simplesmente clicar no link \u2018remover\u2019 ou \u2018Unsubscribe` contido no final de cada email.&nbsp;Como coletamos informa\u00e7\u00f5es a seu respeito&nbsp;Quando voc\u00ea visita o site do Jmart Neg\u00f3cios ou usa os Servi\u00e7os do Jmart Neg\u00f3cios, coletamos o seu endere\u00e7o IP e as informa\u00e7\u00f5es padr\u00e3o de acesso \u00e0 web como o tipo do seu navegador e as p\u00e1ginas que acessou em nosso site. Se voc\u00ea se inscrever, coletaremos os seguintes tipos de informa\u00e7\u00f5es:<\/p>\n\n\n\n<ul class=\"wp-block-list\"><li>Informa\u00e7\u00f5es de contato \u2013 o seu nome, endere\u00e7o, telefone, e-mail, nome de usu\u00e1rio do Skype e outras informa\u00e7\u00f5es semelhantes.<\/li><li>Informa\u00e7\u00f5es financeiras \u2013 os n\u00fameros da conta banc\u00e1ria e do cart\u00e3o de cr\u00e9dito que voc\u00ea forneceu quando adquiriu os Servi\u00e7os do Jmart Neg\u00f3cios.<\/li><\/ul>\n\n\n\n<p>Antes de permitir o uso dos Servi\u00e7os do Jmart Neg\u00f3cios, poderemos exigir que voc\u00ea forne\u00e7a informa\u00e7\u00f5es adicionais que poderemos usar para verificar sua identidade ou endere\u00e7o ou gerenciar risco, como sua data de nascimento, n\u00famero de registro nacional, nacionalidade e outras informa\u00e7\u00f5es de identifica\u00e7\u00e3o. Tamb\u00e9m podemos obter informa\u00e7\u00f5es suas atrav\u00e9s de terceiros, como centros de cr\u00e9dito e servi\u00e7os de verifica\u00e7\u00e3o de identidade. Quando estiver usando os Servi\u00e7os do Jmart Neg\u00f3cios, coletaremos informa\u00e7\u00f5es sobre suas transa\u00e7\u00f5es e outras atividades suas em nosso site ou quando usar os Servi\u00e7os do Jmart Neg\u00f3cios e podemos coletar informa\u00e7\u00f5es sobre seu computador ou outro dispositivo de acesso com finalidade de preven\u00e7\u00e3o contra fraude. Por fim, podemos coletar informa\u00e7\u00f5es adicionais de e sobre voc\u00ea por outros meios, como de contatos com nossa equipe de suporte ao cliente, de resultados de suas respostas a uma pesquisa, de intera\u00e7\u00f5es com membros da fam\u00edlia corporativa do Jmart Neg\u00f3cios e de outras empresas.<\/p>\n\n\n\n<h3 class=\"wp-block-heading\">Como usamos cookies<\/h3>\n\n\n\n<p>Quando voc\u00ea acessa nosso site, n\u00f3s, incluindo as empresas que contratamos para acompanhar como nosso site \u00e9 usado, podemos colocar pequenos arquivos de dados chamados \u201ccookies\u201d no seu computador. Enviamos um \u201ccookie da sess\u00e3o\u201d para o seu computador quando voc\u00ea entra em sua conta ou usa os Servi\u00e7os do Jmart Neg\u00f3cios. Esse tipo de cookie nos ajuda a reconhec\u00ea-lo se visitar v\u00e1rias p\u00e1ginas em nosso site durante a mesma sess\u00e3o, para que n\u00e3o precisemos solicitar a sua senha em todas as p\u00e1ginas. Depois que voc\u00ea sair ou fechar o seu navegador, esse cookie ir\u00e1 expirar e deixar\u00e1 de ter efeito. Tamb\u00e9m usamos cookies mais permanentes para outras finalidades, como para exibir o seu endere\u00e7o de e-mail em nosso formul\u00e1rio de acesso, para que voc\u00ea n\u00e3o precise digitar novamente o endere\u00e7o de e-mail sempre que entrar em sua conta. Codificamos nossos cookies para que apenas n\u00f3s possamos interpretar as informa\u00e7\u00f5es armazenadas neles. Voc\u00ea est\u00e1 livre para recusar nossos cookies caso o seu navegador permita, mas isso pode interferir no uso do nosso site. N\u00f3s e nossos prestadores de servi\u00e7o tamb\u00e9m usamos cookies para personalizar nossos servi\u00e7os, conte\u00fado e publicidade, avaliar a efici\u00eancia das promo\u00e7\u00f5es e promover confian\u00e7a e seguran\u00e7a. Voc\u00ea pode encontrar cookies de terceiros ao usar os Servi\u00e7os do Jmart Neg\u00f3cios em determinados sites que n\u00e3o est\u00e3o sob nosso controle (por exemplo, se voc\u00ea visualizar uma p\u00e1gina da Web criada por terceiros ou usar um aplicativo desenvolvido por terceiros, um cookie poder\u00e1 ser colocado por essa p\u00e1gina ou aplicativo).<\/p>\n\n\n\n<h3 class=\"wp-block-heading\">Os Cookies e Web Beacons<\/h3>\n\n\n\n<p>Utilizamos cookies para armazenar informa\u00e7\u00e3o, tais como as suas prefer\u00eancias pessoais quando visita o nosso website. Isto poder\u00e1 incluir um simples popup, ou uma liga\u00e7\u00e3o em v\u00e1rios servi\u00e7os que providenciamos, tais como f\u00f3runs.&nbsp;<strong>A Google faz uso do novo&nbsp;<\/strong><a href=\"http:\/\/www.doubleclick.com\/privacy\/faq.aspx\" target=\"_blank\" rel=\"noreferrer noopener\"><strong>DART cookie<\/strong><\/a><strong> para servir an\u00fancios baseados nos seus interesses e na sua visita ao nosso blog e a outros endere\u00e7os na web. Poder\u00e1 optar por n\u00e3o utilizar o DART cookie visitando a p\u00e1gina de an\u00fancios Google Ads e o programa de <a href=\"https:\/\/policies.google.com\/technologies\/cookies?hl=pt-BR\" target=\"_blank\" rel=\"noreferrer noopener\">policiamento<\/a> da empresa.<\/strong><\/p>\n\n\n\n<h3 class=\"wp-block-heading\">Remarketing do Google e\/ou Facebook<\/h3>\n\n\n\n<p>N\u00f3s utilizamos o recurso de Remarketing do Google Adwords e\/ou Facebook Ads e outros no mesmo segmento, para veicular an\u00fancios em sites de parceiros do Google e\/ou Facebook. Este recurso permite identificar que voc\u00ea visitou o nosso site e assim o Google e\/ou Facebook pode exibir o nosso an\u00fancio para voc\u00ea em diferentes websites. Diversos fornecedores de terceiros, inclusive o Google, compram espa\u00e7os de publicidade em sites da Internet. N\u00f3s eventualmente contratamos o Google e\/ou Facebook para exibir nossos an\u00fancios nesses espa\u00e7os. Para identificar a sua visita no nosso site, tanto outros fornecedores de terceiros, quanto o Google e\/ou Facebook, utilizam-se de cookies, de forma similar ao exposto na se\u00e7\u00e3o \u201cComo usamos cookies\u201d.<\/p>\n\n\n\n<p>Voc\u00ea pode desativar o uso de cookies pelo Google acessando o&nbsp;<a href=\"https:\/\/www.google.com\/ads\/preferences\/\">Gerenciador de prefer\u00eancias de an\u00fancio<\/a>.&nbsp;Como protegemos e armazenamos informa\u00e7\u00f5es pessoais&nbsp;Ao longo desta pol\u00edtica, usamos o termo \u201cinforma\u00e7\u00f5es pessoais\u201d para descrever informa\u00e7\u00f5es que possam ser associadas a uma determinada pessoa e possam ser usadas para identificar essa pessoa. N\u00f3s n\u00e3o consideraremos como informa\u00e7\u00f5es pessoais as informa\u00e7\u00f5es que devem permanecer an\u00f4nimas, para que elas n\u00e3o identifiquem um determinado usu\u00e1rio. Armazenamos e processamos suas informa\u00e7\u00f5es pessoais em nossos computadores nos e as protegemos sob medidas de prote\u00e7\u00e3o f\u00edsicas, eletr\u00f4nicas e processuais. Usamos prote\u00e7\u00f5es de computador, como firewalls e criptografia de dados, aplicamos controles de acesso f\u00edsico a nossos pr\u00e9dios e arquivos e autorizamos o acesso a informa\u00e7\u00f5es pessoais apenas para os funcion\u00e1rios que precisem delas para cumprir suas responsabilidades profissionais.<\/p>\n\n\n\n<h3 class=\"wp-block-heading\">Como usamos as informa\u00e7\u00f5es pessoais que coletamos<\/h3>\n\n\n\n<p>Nossa finalidade principal ao coletar informa\u00e7\u00f5es pessoais \u00e9 fornecer a voc\u00ea uma experi\u00eancia segura, tranquila, eficiente e personalizada. Para isso, usamos suas informa\u00e7\u00f5es pessoais para:<\/p>\n\n\n\n<ul class=\"wp-block-list\"><li>fornecer os servi\u00e7os e o suporte ao cliente solicitados;<\/li><li>processar transa\u00e7\u00f5es e enviar avisos sobre as suas transa\u00e7\u00f5es<\/li><li>solucionar disputas, cobrar taxas e solucionar problemas;<\/li><li>impedir atividades potencialmente proibidas ou ilegais e garantir a aplica\u00e7\u00e3o do nosso Contrato do usu\u00e1rio;<\/li><li>personalizar, avaliar e melhorar nossos servi\u00e7os, al\u00e9m do conte\u00fado e do layout do nosso site;<\/li><li>enviar materiais de marketing direcionados, avisos de atualiza\u00e7\u00e3o no servi\u00e7o e ofertas promocionais com base nas suas prefer\u00eancias de comunica\u00e7\u00e3o;<\/li><li>comparar informa\u00e7\u00f5es, para uma maior precis\u00e3o, e verific\u00e1-las com terceiros.<\/li><\/ul>\n\n\n\n<h3 class=\"wp-block-heading\">Os An\u00fancios<\/h3>\n\n\n\n<p>Tal como outros websites, coletamos e utilizamos informa\u00e7\u00e3o contida nos an\u00fancios. A informa\u00e7\u00e3o contida nos an\u00fancios, inclui o seu endere\u00e7o IP (Internet Protocol), o seu ISP (Internet Service Provider, como o Sapo, Clix, ou outro), o browser que utilizou ao visitar o nosso website (como o Internet Explorer ou o Firefox), o tempo da sua visita e que p\u00e1ginas visitou dentro do nosso website.<\/p>\n\n\n\n<h3 class=\"wp-block-heading\">Marketing<\/h3>\n\n\n\n<p>N\u00e3o vendemos nem alugamos suas informa\u00e7\u00f5es pessoais para terceiros para fins de marketing sem seu consentimento expl\u00edcito. Podemos combinar suas informa\u00e7\u00f5es com as informa\u00e7\u00f5es que coletamos de outras empresas e us\u00e1-las para melhorar e personalizar nossos servi\u00e7os, conte\u00fado e publicidade. Se n\u00e3o desejar receber nossas mensagens de marketing nem participar de nossos programas de personaliza\u00e7\u00e3o de an\u00fancios, basta indicar sua prefer\u00eancia mandando-nos um e-mail ou simplesmente clicar no link de descadastramento fornecido em todos os nossos emails.<\/p>\n\n\n\n<h3 class=\"wp-block-heading\">Publicidade de terceiros<\/h3>\n\n\n\n<p>Tamb\u00e9m podemos utilizamos publicidade de terceiros no nosso website para suportar os custos de manuten\u00e7\u00e3o. Alguns destes publicit\u00e1rios, poder\u00e3o utilizar tecnologias como os cookies e\/ou web beacons quando publicitam no nosso website, o que far\u00e1 com que esses publicit\u00e1rios (como o Google atrav\u00e9s do Google AdSense) tamb\u00e9m recebam a sua informa\u00e7\u00e3o pessoal, como o endere\u00e7o IP, o seu ISP, o seu browser, etc. Esta fun\u00e7\u00e3o \u00e9 geralmente utilizada para geotargeting (mostrar publicidade de Lisboa apenas aos leitores oriundos de Lisboa por ex.) ou apresentar publicidade direcionada a um tipo de utilizador (como mostrar publicidade de restaurante a um utilizador que visita sites de culin\u00e1ria regularmente, por ex.).<\/p>\n\n\n\n<h3 class=\"wp-block-heading\">Como compartilhamos informa\u00e7\u00f5es pessoais com outras partes<\/h3>\n\n\n\n<p>Podemos compartilhar suas informa\u00e7\u00f5es pessoais com:<\/p>\n\n\n\n<ul class=\"wp-block-list\"><li>Membros da fam\u00edlia corporativa do Jmart Neg\u00f3cios para fornecer conte\u00fado, produtos e servi\u00e7os conjunto (como registro, transa\u00e7\u00f5es e suporte ao cliente) para ajudar a detectar e impedir atos potencialmente ilegais e viola\u00e7\u00f5es de nossas pol\u00edticas, al\u00e9m de cooperar nas decis\u00f5es quanto a seus produtos, servi\u00e7os e comunica\u00e7\u00f5es. Os membros da nossa fam\u00edlia corporativa usar\u00e3o essas informa\u00e7\u00f5es para lhe enviar comunica\u00e7\u00f5es de marketing apenas se voc\u00ea tiver solicitado seus servi\u00e7os.<\/li><li>Fornecedores do servi\u00e7os sob contrato que colaboram em partes de nossas opera\u00e7\u00f5es comerciais; (preven\u00e7\u00e3o contra fraude, atividades de cobran\u00e7a, marketing, servi\u00e7os de tecnologia). Nossos contratos determinam que esses fornecedores de servi\u00e7o s\u00f3 usem suas informa\u00e7\u00f5es em rela\u00e7\u00e3o aos servi\u00e7os que realizam para n\u00f3s, e n\u00e3o em benef\u00edcio pr\u00f3prio.<\/li><li>Empresas com as quais pretendemos nos fundir ou adquirir. (Se ocorrer uma fus\u00e3o, exigiremos que a nova entidade constitu\u00edda siga essa pol\u00edtica de privacidade com rela\u00e7\u00e3o \u00e0s suas informa\u00e7\u00f5es pessoais. Se suas informa\u00e7\u00f5es pessoais puderem ser usadas contra essa pol\u00edtica, voc\u00ea receber\u00e1 um aviso pr\u00e9vio).<\/li><li>Autoridades policiais, oficiais do governo ou outros terceiros quando:<ul><li>formos obrigados a isso por intima\u00e7\u00e3o, decis\u00e3o judicial ou procedimento legal semelhante,<\/li><li>precisamos fazer isso para estar em conformidade com a lei ou com as regras de associa\u00e7\u00e3o de cart\u00e3o de cr\u00e9dito<\/li><li>estivermos cooperando com uma investiga\u00e7\u00e3o policial em andamento,<\/li><li>acreditamos, de boa f\u00e9, que a divulga\u00e7\u00e3o das informa\u00e7\u00f5es pessoais \u00e9 necess\u00e1ria para impedir danos f\u00edsicos ou perdas financeiras, para reportar atividade ilegal suspeita ou investigar viola\u00e7\u00f5es do nosso Contrato do usu\u00e1rio.<\/li><\/ul><\/li><li>Outros terceiros com seu consentimento ou orienta\u00e7\u00e3o para tanto.<\/li><\/ul>\n\n\n\n<p>Note que esses terceiros podem estar em outros pa\u00edses nos quais a legisla\u00e7\u00e3o sobre o processamento de informa\u00e7\u00f5es pessoais seja menos r\u00edgida do que a do seu pa\u00eds. Nos casos em que nossa empresa e um parceiro promovem juntos nossos Servi\u00e7os, n\u00f3s podemos divulgar ao parceiro algumas informa\u00e7\u00f5es pessoais tais como nome, endere\u00e7o e nome de usu\u00e1rio das pessoas que se inscreveram nos nossos Servi\u00e7os com resultado da promo\u00e7\u00e3o conjunta com o \u00fanico prop\u00f3sito de permitir a n\u00f3s e ao parceiro avaliar os resultados da promo\u00e7\u00e3o. Nesse caso, informa\u00e7\u00f5es pessoais n\u00e3o podem ser usadas pelo parceiro para nenhum outro prop\u00f3sito O Jmart Neg\u00f3cios n\u00e3o vender\u00e1 ou alugar\u00e1 nenhuma das suas informa\u00e7\u00f5es pessoais para terceiros no curso normal dos neg\u00f3cios e s\u00f3 compartilha suas informa\u00e7\u00f5es pessoais com terceiros,conforme descrito nesta pol\u00edtica. Se voc\u00ea se inscrever no Jmart Neg\u00f3cios diretamente em um site de terceiros ou por meio de um aplicativo de terceiros, qualquer informa\u00e7\u00e3o inserida naquele site ou aplicativo (e n\u00e3o diretamente em um site do Jmart Neg\u00f3cios) ser\u00e1 compartilhada com o propriet\u00e1rio desse site ou aplicativo \u2013 e suas informa\u00e7\u00f5es podem estar sujeitas as pol\u00edticas de privacidade deles.<\/p>\n\n\n\n<p>www.jmartnegocios.com &#8211; CNPJ: 27.615.487\/0001-73<\/p>\n\n\n\n<p>Contato e suporte: suporte@jmartnegocios.com<\/p>\n\n\n\n<p>Equipe Jmart Neg\u00f3cios<\/p>\n","protected":false},"excerpt":{"rendered":"<p>Pol\u00edtica de Privacidade do Jmart Neg\u00f3cios Leia com aten\u00e7\u00e3o at\u00e9 o final desse documento. Esta pol\u00edtica descreve as formas como coletamos, armazenamos, usamos e protegemos suas informa\u00e7\u00f5es pessoais. Voc\u00ea aceita essa pol\u00edtica e concorda com tal coleta, armazenamento e uso quando se inscrever ou usar nossos produtos, servi\u00e7os ou qualquer<\/p>\n","protected":false},"author":1,"featured_media":0,"parent":0,"menu_order":0,"comment_status":"closed","ping_status":"closed","template":"","meta":{"footnotes":""},"yst_prominent_words":[],"class_list":["post-3","page","type-page","status-publish","hentry"],"yoast_head":"<!-- This site is optimized with the Yoast SEO Premium plugin v14.1 - https:\/\/yoast.com\/wordpress\/plugins\/seo\/ -->\n<title>Politicas de Privacidade - Ag\u00eancia de Marketing Digital para Empresas<\/title>\n<meta name=\"robots\" content=\"index, follow\" \/>\n<meta name=\"googlebot\" content=\"index, follow, max-snippet:-1, max-image-preview:large, max-video-preview:-1\" \/>\n<meta name=\"bingbot\" content=\"index, follow, max-snippet:-1, max-image-preview:large, max-video-preview:-1\" \/>\n<link rel=\"canonical\" href=\"https:\/\/jmartnegocios.com\/conhecer\/politica-de-privacidade\/\" \/>\n<meta property=\"og:locale\" content=\"pt_BR\" \/>\n<meta property=\"og:type\" content=\"article\" \/>\n<meta property=\"og:title\" content=\"Politicas de Privacidade - Ag\u00eancia de Marketing Digital para Empresas\" \/>\n<meta property=\"og:description\" content=\"Pol\u00edtica de Privacidade do Jmart Neg\u00f3cios Leia com aten\u00e7\u00e3o at\u00e9 o final desse documento. Esta pol\u00edtica descreve as formas como coletamos, armazenamos, usamos e protegemos suas informa\u00e7\u00f5es pessoais. Voc\u00ea aceita essa pol\u00edtica e concorda com tal coleta, armazenamento e uso quando se inscrever ou usar nossos produtos, servi\u00e7os ou qualquer\" \/>\n<meta property=\"og:url\" content=\"https:\/\/jmartnegocios.com\/conhecer\/politica-de-privacidade\/\" \/>\n<meta property=\"og:site_name\" content=\"Ag\u00eancia de Marketing Digital para Empresas\" \/>\n<meta property=\"article:modified_time\" content=\"2021-05-16T19:15:13+00:00\" \/>\n<meta name=\"twitter:card\" content=\"summary_large_image\" \/>\n<script type=\"application\/ld+json\" class=\"yoast-schema-graph\">{\"@context\":\"https:\/\/schema.org\",\"@graph\":[{\"@type\":\"WebSite\",\"@id\":\"https:\/\/jmartnegocios.com\/conhecer\/#website\",\"url\":\"https:\/\/jmartnegocios.com\/conhecer\/\",\"name\":\"Ag\\u00eancia de Marketing Digital para Empresas\",\"description\":\"Todos os servi\\u00e7os de marketing digital que sua empresa precisa para crescer e vender na internet atrav\\u00e9s de estrutura pr\\u00f3pria.\",\"potentialAction\":[{\"@type\":\"SearchAction\",\"target\":\"https:\/\/jmartnegocios.com\/conhecer\/?s={search_term_string}\",\"query-input\":\"required name=search_term_string\"}],\"inLanguage\":\"pt-BR\"},{\"@type\":\"WebPage\",\"@id\":\"https:\/\/jmartnegocios.com\/conhecer\/politica-de-privacidade\/#webpage\",\"url\":\"https:\/\/jmartnegocios.com\/conhecer\/politica-de-privacidade\/\",\"name\":\"Politicas de Privacidade - Ag\\u00eancia de Marketing Digital para Empresas\",\"isPartOf\":{\"@id\":\"https:\/\/jmartnegocios.com\/conhecer\/#website\"},\"datePublished\":\"2019-09-15T18:59:16+00:00\",\"dateModified\":\"2021-05-16T19:15:13+00:00\",\"inLanguage\":\"pt-BR\",\"potentialAction\":[{\"@type\":\"ReadAction\",\"target\":[\"https:\/\/jmartnegocios.com\/conhecer\/politica-de-privacidade\/\"]}]}]}<\/script>\n<!-- \/ Yoast SEO Premium plugin. -->","_links":{"self":[{"href":"https:\/\/jmartnegocios.com\/conhecer\/wp-json\/wp\/v2\/pages\/3","targetHints":{"allow":["GET"]}}],"collection":[{"href":"https:\/\/jmartnegocios.com\/conhecer\/wp-json\/wp\/v2\/pages"}],"about":[{"href":"https:\/\/jmartnegocios.com\/conhecer\/wp-json\/wp\/v2\/types\/page"}],"author":[{"embeddable":true,"href":"https:\/\/jmartnegocios.com\/conhecer\/wp-json\/wp\/v2\/users\/1"}],"replies":[{"embeddable":true,"href":"https:\/\/jmartnegocios.com\/conhecer\/wp-json\/wp\/v2\/comments?post=3"}],"version-history":[{"count":1,"href":"https:\/\/jmartnegocios.com\/conhecer\/wp-json\/wp\/v2\/pages\/3\/revisions"}],"predecessor-version":[{"id":697,"href":"https:\/\/jmartnegocios.com\/conhecer\/wp-json\/wp\/v2\/pages\/3\/revisions\/697"}],"wp:attachment":[{"href":"https:\/\/jmartnegocios.com\/conhecer\/wp-json\/wp\/v2\/media?parent=3"}],"wp:term":[{"taxonomy":"yst_prominent_words","embeddable":true,"href":"https:\/\/jmartnegocios.com\/conhecer\/wp-json\/wp\/v2\/yst_prominent_words?post=3"}],"curies":[{"name":"wp","href":"https:\/\/api.w.org\/{rel}","templated":true}]}}